{"id":7,"date":"2024-06-04T16:58:41","date_gmt":"2024-06-04T16:58:41","guid":{"rendered":"https:\/\/staging.aircrafttooldesign.com\/?page_id=7"},"modified":"2025-02-07T17:10:28","modified_gmt":"2025-02-07T17:10:28","slug":"aircraft-tool-design","status":"publish","type":"page","link":"https:\/\/aircrafttooldesign.com\/fr\/","title":{"rendered":"Aircraft Tool Design"},"content":{"rendered":"<div data-elementor-type=\"wp-post\" data-elementor-id=\"7\" class=\"elementor elementor-7\">\n\t\t\t\t<div class=\"elementor-element elementor-element-ad1ef50 e-flex e-con-boxed e-con e-parent\" data-id=\"ad1ef50\" data-element_type=\"container\" data-settings=\"{&quot;background_background&quot;:&quot;classic&quot;,&quot;shape_divider_bottom&quot;:&quot;split&quot;}\">\n\t\t\t\t\t<div class=\"e-con-inner\">\n\t\t\t\t<div class=\"elementor-shape elementor-shape-bottom\" data-negative=\"false\">\n\t\t\t<svg xmlns=\"http:\/\/www.w3.org\/2000\/svg\" viewbox=\"0 0 1000 20\" preserveaspectratio=\"none\">\n\t<path class=\"elementor-shape-fill\" d=\"M0,0v3c0,0,393.8,0,483.4,0c9.2,0,16.6,7.4,16.6,16.6c0-9.1,7.4-16.6,16.6-16.6C606.2,3,1000,3,1000,3V0H0z\"\/>\n<\/svg>\t\t<\/div>\n\t\t\t\t<div class=\"elementor-element elementor-element-169fd54 elementor-widget__width-initial elementor-widget elementor-widget-elementskit-heading\" data-id=\"169fd54\" data-element_type=\"widget\" data-no-translation=\"\" data-widget_type=\"elementskit-heading.default\">\n\t\t\t\t<div class=\"elementor-widget-container\">\n\t\t\t<style>.elementor-element-169fd54{display:none !important}<\/style>\t\t<\/div>\n\t\t\t\t<\/div>\n\t\t\t\t<div class=\"elementor-element elementor-element-6ecc37f elementor-widget__width-initial elementor-widget elementor-widget-elementskit-heading\" data-id=\"6ecc37f\" data-element_type=\"widget\" data-no-translation=\"\" data-widget_type=\"elementskit-heading.default\">\n\t\t\t\t<div class=\"elementor-widget-container\">\n\t\t\t<div class=\"ekit-wid-con\" ><div class=\"ekit-heading elementskit-section-title-wraper text_center   ekit_heading_tablet-   ekit_heading_mobile-\"><h1 class=\"ekit-heading--title elementskit-section-title\"><span><span>ATD Design<\/span><\/span> &amp; Manufacturing Services Inc.<\/h1><div class=\"ekit_heading_separetor_wraper ekit_heading_elementskit-border-divider\"><div class=\"elementskit-border-divider\"><\/div><\/div>\t\t\t\t<div class='ekit-heading__description'>\n\t\t\t\t\t<p>Une soci\u00e9t\u00e9 de premier plan, en ing\u00e9nierie et en consultation de d\u00e9veloppement de concepts et de produits innovateurs destin\u00e9s \u00e0 r\u00e9pondre aux besoins de l'industrie de l'a\u00e9rospatiale.<\/p>\n\t\t\t\t<\/div>\n\t\t\t<\/div><\/div>\t\t<\/div>\n\t\t\t\t<\/div>\n\t\t\t\t\t<\/div>\n\t\t\t\t<\/div>\n\t\t<div class=\"elementor-element elementor-element-c58fb75 e-flex e-con-boxed e-con e-parent\" data-id=\"c58fb75\" data-element_type=\"container\" data-no-translation=\"\">\n\t\t\t\t\t<div class=\"e-con-inner\">\n\t\t\t\t<div class=\"elementor-element elementor-element-0a75119 elementor-widget elementor-widget-heading\" data-id=\"0a75119\" data-element_type=\"widget\" data-widget_type=\"heading.default\">\n\t\t\t\t<div class=\"elementor-widget-container\">\n\t\t\t<h2 class=\"elementor-heading-title elementor-size-default\">NOTRE MISSION ET NOTRE APPROCHE<\/h2>\t\t<\/div>\n\t\t\t\t<\/div>\n\t\t\t\t<div class=\"elementor-element elementor-element-775d7c8 elementor-widget__width-initial elementor-widget elementor-widget-text-editor\" data-id=\"775d7c8\" data-element_type=\"widget\" data-widget_type=\"text-editor.default\">\n\t\t\t\t<div class=\"elementor-widget-container\">\n\t\t\t\t\t\t\t<p>Notre mission est de fournir \u00e0 nos clients des solutions efficaces de conception et de fabrication adapt\u00e9es \u00e0 leurs exigences, tout en minimisant les co\u00fbts.<\/p>\t\t\t\t\t\t<\/div>\n\t\t\t\t<\/div>\n\t\t\t\t\t<\/div>\n\t\t\t\t<\/div>\n\t\t<div class=\"elementor-element elementor-element-11e5fb2 e-flex e-con-boxed e-con e-parent\" data-id=\"11e5fb2\" data-element_type=\"container\" data-no-translation=\"\">\n\t\t\t\t\t<div class=\"e-con-inner\">\n\t\t\t\t<div class=\"elementor-element elementor-element-29798c4 elementor-widget__width-initial ekit-equal-height-enable elementor-widget elementor-widget-elementskit-image-box\" data-id=\"29798c4\" data-element_type=\"widget\" data-widget_type=\"elementskit-image-box.default\">\n\t\t\t\t<div class=\"elementor-widget-container\">\n\t\t\t<div class=\"ekit-wid-con\" >\n            <div class=\"elementskit-info-image-box ekit-image-box text-center style-modern\" >\n\n                <a href=\"https:\/\/aircrafttooldesign.com\/fr\/tools\/\">\n                <div class=\"elementskit-box-header image-box-img-center\">\n\n                    <img fetchpriority=\"high\" decoding=\"async\" width=\"639\" height=\"426\" src=\"https:\/\/aircrafttooldesign.com\/wp-content\/uploads\/2024\/06\/a20151106-124406.jpg\" class=\"attachment-full size-full wp-image-485\" alt=\"\" \/>\n                <\/div>\n                <\/a>\n                <div class=\"elementskit-box-body ekit-image-box-body\">\n                    <div class=\"elementskit-box-content ekit-image-box-body-inner\">\n                                                <h3 class=\"elementskit-info-box-title\">\n\n                        Outils\n                        \n                    <\/h3>\n                                                            <div class=\"elementskit-box-style-content\">\n                        ATD a contribu\u00e9 \u00e0 la conception et \u00e0 la fabrication d'outils vari\u00e9s utilis\u00e9s dans plusieurs domaines, que ce soit pour le Bras Spatial Canadien ou le plus r\u00e9cent avion.                    <\/div>\n                                    <\/div>\n\n                                <div class=\"elementskit-box-footer\">\n                    <div class=\"box-footer\">\n                        <div class=\"btn-wraper\">\n                                                            <a href=\"https:\/\/aircrafttooldesign.com\/fr\/tools\/\" class=\"elementskit-btn whitespace--normal\">\n                                    En savoir plus                                 <\/a>\n                                                    <\/div>\n                    <\/div>\n                <\/div>\n                            <\/div>\n            <\/div>\n    <\/div>\t\t<\/div>\n\t\t\t\t<\/div>\n\t\t\t\t<div class=\"elementor-element elementor-element-52d2c11 elementor-widget__width-initial ekit-equal-height-enable elementor-widget elementor-widget-elementskit-image-box\" data-id=\"52d2c11\" data-element_type=\"widget\" data-widget_type=\"elementskit-image-box.default\">\n\t\t\t\t<div class=\"elementor-widget-container\">\n\t\t\t<div class=\"ekit-wid-con\" >\n            <div class=\"elementskit-info-image-box ekit-image-box text-center style-modern\" >\n\n                <a href=\"https:\/\/aircrafttooldesign.com\/fr\/services\/\">\n                <div class=\"elementskit-box-header image-box-img-center\">\n\n                    <img decoding=\"async\" width=\"639\" height=\"426\" src=\"https:\/\/aircrafttooldesign.com\/wp-content\/uploads\/2024\/06\/CIB-006.jpg\" class=\"attachment-full size-full wp-image-489\" alt=\"\" \/>\n                <\/div>\n                <\/a>\n                <div class=\"elementskit-box-body ekit-image-box-body\">\n                    <div class=\"elementskit-box-content ekit-image-box-body-inner\">\n                                                <h3 class=\"elementskit-info-box-title\">\n\n                        Service\n                        \n                    <\/h3>\n                                                            <div class=\"elementskit-box-style-content\">\n                        ATD Design &amp; Manufacturing Services Inc. ce sp\u00e9cialise dans la production de l'outillage pour l'industrie a\u00e9rospatiale.                    <\/div>\n                                    <\/div>\n\n                                <div class=\"elementskit-box-footer\">\n                    <div class=\"box-footer\">\n                        <div class=\"btn-wraper\">\n                                                            <a href=\"https:\/\/aircrafttooldesign.com\/fr\/services\/\" class=\"elementskit-btn whitespace--normal\">\n                                    En savoir plus                                <\/a>\n                                                    <\/div>\n                    <\/div>\n                <\/div>\n                            <\/div>\n            <\/div>\n    <\/div>\t\t<\/div>\n\t\t\t\t<\/div>\n\t\t\t\t\t<\/div>\n\t\t\t\t<\/div>\n\t\t<div class=\"elementor-element elementor-element-9379638 e-flex e-con-boxed e-con e-parent\" data-id=\"9379638\" data-element_type=\"container\">\n\t\t\t\t\t<div class=\"e-con-inner\">\n\t\t\t\t<div class=\"elementor-element elementor-element-e912cb6 elementor-widget elementor-widget-image\" data-id=\"e912cb6\" data-element_type=\"widget\" data-widget_type=\"image.default\">\n\t\t\t\t<div class=\"elementor-widget-container\">\n\t\t\t<style>\/*! elementor - v3.22.0 - 24-06-2024 *\/\n.elementor-widget-image{text-align:center}.elementor-widget-image a{display:inline-block}.elementor-widget-image a img[src$=\".svg\"]{width:48px}.elementor-widget-image img{vertical-align:middle;display:inline-block}<\/style>\t\t\t\t\t\t\t\t\t\t\t<a href=\"https:\/\/aircrafttooldesign.com\/wp-content\/uploads\/2024\/08\/ATD-ISO-9001-2015-FS-97389-22SEP22-TO-21SEP26.pdf\" target=\"_blank\" rel=\"nofollow\">\n\t\t\t\t\t\t\t<img decoding=\"async\" width=\"284\" height=\"400\" src=\"https:\/\/aircrafttooldesign.com\/wp-content\/uploads\/2024\/08\/bsi-certificate-2023-2026.jpg\" class=\"attachment-full size-full wp-image-853\" alt=\"\" \/>\t\t\t\t\t\t\t\t<\/a>\n\t\t\t\t\t\t\t\t\t\t\t\t\t<\/div>\n\t\t\t\t<\/div>\n\t\t\t\t<div class=\"elementor-element elementor-element-9974f21 elementor-widget elementor-widget-image\" data-id=\"9974f21\" data-element_type=\"widget\" data-widget_type=\"image.default\">\n\t\t\t\t<div class=\"elementor-widget-container\">\n\t\t\t\t\t\t\t\t\t\t\t\t\t\t<a href=\"https:\/\/aircrafttooldesign.com\/wp-content\/uploads\/2025\/02\/2.-CG13017-Certificate-of-Registration-Web.pdf\" target=\"_blank\" rel=\"nofollow\">\n\t\t\t\t\t\t\t<img loading=\"lazy\" decoding=\"async\" width=\"600\" height=\"464\" src=\"https:\/\/aircrafttooldesign.com\/wp-content\/uploads\/2025\/02\/control-good-certificate-2025-29.webp\" class=\"attachment-full size-full wp-image-869\" alt=\"\" \/>\t\t\t\t\t\t\t\t<\/a>\n\t\t\t\t\t\t\t\t\t\t\t\t\t<\/div>\n\t\t\t\t<\/div>\n\t\t\t\t\t<\/div>\n\t\t\t\t<\/div>\n\t\t\t\t<\/div>","protected":false},"excerpt":{"rendered":"<p>OUR APPROACH &#038; MISSION Our mission is to provide our customers with highly effective design and manufacturing solutions tailored to their requirements while minimizing cost. Tools ATD has contributed to the design and manufacturing of tools used for everything from Canada&#8217;s space arm to the latest aircraft. Learn more Services ATD Design &amp; Manufacturing Services &#8230; <a title=\"Aircraft Tool Design\" class=\"read-more\" href=\"https:\/\/aircrafttooldesign.com\/fr\/\" aria-label=\"Read more about Aircraft Tool Design\">Lire plus<\/a><\/p>","protected":false},"author":1,"featured_media":0,"parent":0,"menu_order":0,"comment_status":"closed","ping_status":"closed","template":"elementor_header_footer","meta":{"footnotes":""},"class_list":["post-7","page","type-page","status-publish"],"_links":{"self":[{"href":"https:\/\/aircrafttooldesign.com\/fr\/wp-json\/wp\/v2\/pages\/7","targetHints":{"allow":["GET"]}}],"collection":[{"href":"https:\/\/aircrafttooldesign.com\/fr\/wp-json\/wp\/v2\/pages"}],"about":[{"href":"https:\/\/aircrafttooldesign.com\/fr\/wp-json\/wp\/v2\/types\/page"}],"author":[{"embeddable":true,"href":"https:\/\/aircrafttooldesign.com\/fr\/wp-json\/wp\/v2\/users\/1"}],"replies":[{"embeddable":true,"href":"https:\/\/aircrafttooldesign.com\/fr\/wp-json\/wp\/v2\/comments?post=7"}],"version-history":[{"count":125,"href":"https:\/\/aircrafttooldesign.com\/fr\/wp-json\/wp\/v2\/pages\/7\/revisions"}],"predecessor-version":[{"id":874,"href":"https:\/\/aircrafttooldesign.com\/fr\/wp-json\/wp\/v2\/pages\/7\/revisions\/874"}],"wp:attachment":[{"href":"https:\/\/aircrafttooldesign.com\/fr\/wp-json\/wp\/v2\/media?parent=7"}],"curies":[{"name":"wp","href":"https:\/\/api.w.org\/{rel}","templated":true}]}}